{"id":188,"date":"2015-05-28T21:34:14","date_gmt":"2015-05-28T18:34:14","guid":{"rendered":"https:\/\/laurituhkanen.com\/en\/?page_id=188"},"modified":"2020-03-25T09:59:02","modified_gmt":"2020-03-25T07:59:02","slug":"illusion-show","status":"publish","type":"page","link":"https:\/\/laurituhkanen.com\/en\/magic-shows\/illusion-show\/","title":{"rendered":"Illusion Show"},"content":{"rendered":"<p>[vc_row padding_top_multiplier=&#8221;custom&#8221; padding_bottom_multiplier=&#8221;custom&#8221; rc_heading_color=&#8221;light&#8221; rc_bg_type=&#8221;color&#8221; mobile_columns_vertical_gap=&#8221;none&#8221; scroll_header_style=&#8221;default&#8221; padding_top=&#8221;18vh&#8221; rc_bg_color=&#8221;#303030&#8243; padding_bottom=&#8221;10vh&#8221;][vc_column width=&#8221;2\/3&#8243;]<h1 class=\"eut-element eut-title eut-align-inherit eut-appear-down eut-duration-normal eut-appear-animation eut-h1\" style=\"margin-bottom: 0px;\" data-delay=\"200\"><span>Illusion Show<\/span><\/h1>[\/vc_column][vc_column width=&#8221;1\/3&#8243;][\/vc_column][\/vc_row][vc_row padding_top_multiplier=&#8221;&#8221; padding_bottom_multiplier=&#8221;&#8221; rc_bg_type=&#8221;image&#8221; rc_bg_image=&#8221;254&#8243; rc_bg_image_type=&#8221;fixed&#8221; rc_bg_color_overlay=&#8221;dark&#8221; rc_bg_opacity_overlay=&#8221;20&#8243; rc_bg_image_scroll_effect=&#8221;opacity-scroll-effect&#8221; rc_bg_image_scroll_effect_offset=&#8221;60&#8243; mobile_columns_vertical_gap=&#8221;none&#8221; scroll_header_style=&#8221;default&#8221;][vc_column width=&#8221;1\/2&#8243;][\/vc_column][vc_column width=&#8221;1\/2&#8243; content_width=&#8221;70&#8243; horizontal_content_position=&#8221;right&#8221;][vc_row_inner padding_top_multiplier=&#8221;&#8221; padding_bottom_multiplier=&#8221;&#8221; mobile_columns_vertical_gap=&#8221;none&#8221;][vc_column_inner text_align=&#8221;center&#8221; rc_heading_color=&#8221;light&#8221; rc_bg_type=&#8221;color&#8221; rc_add_shadow=&#8221;small-shadow&#8221; column_custom_position=&#8221;yes&#8221; position_top=&#8221;minus-3x&#8221; rc_font_color=&#8221;#ffffff&#8221; rc_bg_color=&#8221;#000000&#8243; css=&#8221;.vc_custom_1582999410645{padding-top: 17% !important;padding-right: 17% !important;padding-bottom: 17% !important;padding-left: 17% !important;border-radius: 5px !important;}&#8221;][vc_column_text]Winner of Viihdeohjelma Competition 2018[\/vc_column_text][vc_column_text text_style=&#8221;small-text&#8221;]Finnish Variety Entertainment Competition[\/vc_column_text][\/vc_column_inner][\/vc_row_inner][\/vc_column][vc_column]<div class=\"eut-empty-space\" style=\"height: 250px;\"><\/div>[\/vc_column][\/vc_row][vc_row padding_top_multiplier=&#8221;3x&#8221; padding_bottom_multiplier=&#8221;5x&#8221; scroll_header_style=&#8221;default&#8221;][vc_column width=&#8221;1\/2&#8243;][vc_column_text css=&#8221;.vc_custom_1584551565231{margin-bottom: 20% !important;}&#8221;]<\/p>\n<h2>The Show<\/h2>\n<p>Illusion show is an enchanting combination of acrobatics, illusion, juggling and magic. Challenging tricks combine with seemingly impossible events in a stylish show performed by either two or three performers depending on the nature of the occasion.<\/p>\n<p>The duration of the show is ca. 30 minutes, or according to arrangement. The stage show can also, on request, contain other performing artists. Demands on the performing space: 4m x 4m x 4m \u00a0(in smaller spaces, an adapted version of the show can be performed).<\/p>\n<p>Good choice is to combine stage show and <a href=\"https:\/\/laurituhkanen.com\/en\/magic-shows\/close-up-magic\/\">close-up magic<\/a>. Therefore guests will see the show together and will also personally experience magic.[\/vc_column_text]<div class=\"eut-element eut-align-left\"><a href=\"https:\/\/laurituhkanen.com\/en\/contact\/\" title=\"Contact\" class=\"eut-btn eut-btn-medium eut-shadow-small eut-round eut-bg-black eut-bg-hover-white\"><span>Request a Price Quote<\/span><\/a><\/div>[\/vc_column][vc_column width=&#8221;1\/2&#8243;]<div class=\"eut-element eut-image eut-align-center\" style=\"\"><div class=\"eut-image-wrapper eut-popup-item eut-radius-5 eut-small-shadow eut-with-shadow\" style=\"max-width:560px;\"><div class=\"eut-thumbnail-wrapper\"  style=\"max-width: 560px;\"><div class=\"eut-thumbnail\"  style=\"padding-top: 99.821%;\"><img loading=\"lazy\" decoding=\"async\" width=\"560\" height=\"559\" src=\"https:\/\/laurituhkanen.com\/en\/wp-content\/uploads\/sites\/2\/2016\/02\/Lauri_Tuhkanen.jpg\" class=\"attachment-crocal-eutf-small-rect-vertical size-crocal-eutf-small-rect-vertical eut-lazy-load lazyload\" alt=\"Illusionist Lauri and Anna\" data-eutf-filter=\"yes\" srcset=\"https:\/\/laurituhkanen.com\/en\/wp-content\/themes\/crocal\/images\/empty\/empty.png\" data-src=\"https:\/\/laurituhkanen.com\/en\/wp-content\/uploads\/sites\/2\/2016\/02\/Lauri_Tuhkanen.jpg\" data-sizes=\"auto\" data-srcset=\"https:\/\/laurituhkanen.com\/en\/wp-content\/uploads\/sites\/2\/2016\/02\/Lauri_Tuhkanen.jpg 900w, https:\/\/laurituhkanen.com\/en\/wp-content\/uploads\/sites\/2\/2016\/02\/Lauri_Tuhkanen-150x150.jpg 150w, https:\/\/laurituhkanen.com\/en\/wp-content\/uploads\/sites\/2\/2016\/02\/Lauri_Tuhkanen-300x300.jpg 300w, https:\/\/laurituhkanen.com\/en\/wp-content\/uploads\/sites\/2\/2016\/02\/Lauri_Tuhkanen-768x767.jpg 768w\" data-expand=\"1\" \/><\/div><\/div>  <\/div><\/div>[\/vc_column][\/vc_row]<\/p>\n","protected":false},"excerpt":{"rendered":"<p>[vc_row padding_top_multiplier=&#8221;custom&#8221; padding_bottom_multiplier=&#8221;custom&#8221; rc_heading_color=&#8221;light&#8221; rc_bg_type=&#8221;color&#8221; mobile_columns_vertical_gap=&#8221;none&#8221; scroll_header_style=&#8221;default&#8221; padding_top=&#8221;18vh&#8221; rc_bg_color=&#8221;#303030&#8243; padding_bottom=&#8221;10vh&#8221;][vc_column width=&#8221;2\/3&#8243;][\/vc_column][vc_column width=&#8221;1\/3&#8243;][\/vc_column][\/vc_row][vc_row padding_top_multiplier=&#8221;&#8221; padding_bottom_multiplier=&#8221;&#8221; rc_bg_type=&#8221;image&#8221; rc_bg_image=&#8221;254&#8243; rc_bg_image_type=&#8221;fixed&#8221; rc_bg_color_overlay=&#8221;dark&#8221; rc_bg_opacity_overlay=&#8221;20&#8243; rc_bg_image_scroll_effect=&#8221;opacity-scroll-effect&#8221; rc_bg_image_scroll_effect_offset=&#8221;60&#8243; mobile_columns_vertical_gap=&#8221;none&#8221; scroll_header_style=&#8221;default&#8221;][vc_column width=&#8221;1\/2&#8243;][\/vc_column][vc_column width=&#8221;1\/2&#8243; content_width=&#8221;70&#8243; horizontal_content_position=&#8221;right&#8221;][vc_row_inner padding_top_multiplier=&#8221;&#8221; padding_bottom_multiplier=&#8221;&#8221; mobile_columns_vertical_gap=&#8221;none&#8221;][vc_column_inner text_align=&#8221;center&#8221; rc_heading_color=&#8221;light&#8221; rc_bg_type=&#8221;color&#8221; rc_add_shadow=&#8221;small-shadow&#8221; column_custom_position=&#8221;yes&#8221; position_top=&#8221;minus-3x&#8221; rc_font_color=&#8221;#ffffff&#8221; rc_bg_color=&#8221;#000000&#8243; css=&#8221;.vc_custom_1582999410645{padding-top: 17% !important;padding-right: 17% !important;padding-bottom: 17% !important;padding-left: 17% !important;border-radius: 5px !important;}&#8221;][vc_column_text]Winner of Viihdeohjelma Competition 2018[\/vc_column_text][vc_column_text text_style=&#8221;small-text&#8221;]Finnish Variety [&hellip;]<\/p>\n","protected":false},"author":2,"featured_media":254,"parent":9,"menu_order":0,"comment_status":"open","ping_status":"open","template":"","meta":{"footnotes":""},"class_list":["post-188","page","type-page","status-publish","has-post-thumbnail","hentry"],"yoast_head":"<!-- This site is optimized with the Yoast SEO plugin v27.2 - https:\/\/yoast.com\/product\/yoast-seo-wordpress\/ -->\n<title>Spectacular and Amazing Illusion Show | Magician Lauri Tuhkanen<\/title>\n<meta name=\"description\" content=\"An enchanting combination of acrobatics, illusion, juggling and magic. Challenging tricks combine with seemingly impossible events in a stylish show.\" \/>\n<meta name=\"robots\" content=\"index, follow, max-snippet:-1, max-image-preview:large, max-video-preview:-1\" \/>\n<link rel=\"canonical\" href=\"https:\/\/laurituhkanen.com\/en\/magic-shows\/illusion-show\/\" \/>\n<meta property=\"og:locale\" content=\"en_GB\" \/>\n<meta property=\"og:type\" content=\"article\" \/>\n<meta property=\"og:title\" content=\"Spectacular and Amazing Illusion Show | Magician Lauri Tuhkanen\" \/>\n<meta property=\"og:description\" content=\"An enchanting combination of acrobatics, illusion, juggling and magic. Challenging tricks combine with seemingly impossible events in a stylish show.\" \/>\n<meta property=\"og:url\" content=\"https:\/\/laurituhkanen.com\/en\/magic-shows\/illusion-show\/\" \/>\n<meta property=\"og:site_name\" content=\"Magician Lauri Tuhkanen\" \/>\n<meta property=\"article:publisher\" content=\"https:\/\/www.facebook.com\/TaikuriLauriTuhkanen\" \/>\n<meta property=\"article:modified_time\" content=\"2020-03-25T07:59:02+00:00\" \/>\n<meta property=\"og:image\" content=\"https:\/\/laurituhkanen.com\/en\/wp-content\/uploads\/sites\/2\/2015\/05\/illusion_show.jpg\" \/>\n\t<meta property=\"og:image:width\" content=\"1024\" \/>\n\t<meta property=\"og:image:height\" content=\"576\" \/>\n\t<meta property=\"og:image:type\" content=\"image\/jpeg\" \/>\n<meta name=\"twitter:card\" content=\"summary_large_image\" \/>\n<meta name=\"twitter:label1\" content=\"Estimated reading time\" \/>\n\t<meta name=\"twitter:data1\" content=\"2 minutes\" \/>\n<script type=\"application\/ld+json\" class=\"yoast-schema-graph\">{\"@context\":\"https:\/\/schema.org\",\"@graph\":[{\"@type\":\"WebPage\",\"@id\":\"https:\/\/laurituhkanen.com\/en\/magic-shows\/illusion-show\/\",\"url\":\"https:\/\/laurituhkanen.com\/en\/magic-shows\/illusion-show\/\",\"name\":\"Spectacular and Amazing Illusion Show | Magician Lauri Tuhkanen\",\"isPartOf\":{\"@id\":\"https:\/\/laurituhkanen.com\/en\/#website\"},\"primaryImageOfPage\":{\"@id\":\"https:\/\/laurituhkanen.com\/en\/magic-shows\/illusion-show\/#primaryimage\"},\"image\":{\"@id\":\"https:\/\/laurituhkanen.com\/en\/magic-shows\/illusion-show\/#primaryimage\"},\"thumbnailUrl\":\"https:\/\/laurituhkanen.com\/en\/wp-content\/uploads\/sites\/2\/2015\/05\/illusion_show.jpg\",\"datePublished\":\"2015-05-28T18:34:14+00:00\",\"dateModified\":\"2020-03-25T07:59:02+00:00\",\"description\":\"An enchanting combination of acrobatics, illusion, juggling and magic. Challenging tricks combine with seemingly impossible events in a stylish show.\",\"breadcrumb\":{\"@id\":\"https:\/\/laurituhkanen.com\/en\/magic-shows\/illusion-show\/#breadcrumb\"},\"inLanguage\":\"en-GB\",\"potentialAction\":[{\"@type\":\"ReadAction\",\"target\":[\"https:\/\/laurituhkanen.com\/en\/magic-shows\/illusion-show\/\"]}]},{\"@type\":\"ImageObject\",\"inLanguage\":\"en-GB\",\"@id\":\"https:\/\/laurituhkanen.com\/en\/magic-shows\/illusion-show\/#primaryimage\",\"url\":\"https:\/\/laurituhkanen.com\/en\/wp-content\/uploads\/sites\/2\/2015\/05\/illusion_show.jpg\",\"contentUrl\":\"https:\/\/laurituhkanen.com\/en\/wp-content\/uploads\/sites\/2\/2015\/05\/illusion_show.jpg\",\"width\":1024,\"height\":576,\"caption\":\"Magician Lauri Tuhkanen and his assistants\"},{\"@type\":\"BreadcrumbList\",\"@id\":\"https:\/\/laurituhkanen.com\/en\/magic-shows\/illusion-show\/#breadcrumb\",\"itemListElement\":[{\"@type\":\"ListItem\",\"position\":1,\"name\":\"Home\",\"item\":\"https:\/\/laurituhkanen.com\/en\/\"},{\"@type\":\"ListItem\",\"position\":2,\"name\":\"Festivities and Events\",\"item\":\"https:\/\/laurituhkanen.com\/en\/magic-shows\/\"},{\"@type\":\"ListItem\",\"position\":3,\"name\":\"Illusion Show\"}]},{\"@type\":\"WebSite\",\"@id\":\"https:\/\/laurituhkanen.com\/en\/#website\",\"url\":\"https:\/\/laurituhkanen.com\/en\/\",\"name\":\"Magician Lauri Tuhkanen\",\"description\":\"Award Winning Magician Lauri Tuhkanen\",\"publisher\":{\"@id\":\"https:\/\/laurituhkanen.com\/en\/#\/schema\/person\/e7eb999249cd5bc9dbe927abd1b830b6\"},\"potentialAction\":[{\"@type\":\"SearchAction\",\"target\":{\"@type\":\"EntryPoint\",\"urlTemplate\":\"https:\/\/laurituhkanen.com\/en\/?s={search_term_string}\"},\"query-input\":{\"@type\":\"PropertyValueSpecification\",\"valueRequired\":true,\"valueName\":\"search_term_string\"}}],\"inLanguage\":\"en-GB\"},{\"@type\":[\"Person\",\"Organization\"],\"@id\":\"https:\/\/laurituhkanen.com\/en\/#\/schema\/person\/e7eb999249cd5bc9dbe927abd1b830b6\",\"name\":\"Lauri Tuhkanen\",\"image\":{\"@type\":\"ImageObject\",\"inLanguage\":\"en-GB\",\"@id\":\"https:\/\/laurituhkanen.com\/en\/wp-content\/uploads\/sites\/2\/2013\/12\/taikuri.jpg\",\"url\":\"https:\/\/laurituhkanen.com\/en\/wp-content\/uploads\/sites\/2\/2013\/12\/taikuri.jpg\",\"contentUrl\":\"https:\/\/laurituhkanen.com\/en\/wp-content\/uploads\/sites\/2\/2013\/12\/taikuri.jpg\",\"width\":1100,\"height\":975,\"caption\":\"Lauri Tuhkanen\"},\"logo\":{\"@id\":\"https:\/\/laurituhkanen.com\/en\/wp-content\/uploads\/sites\/2\/2013\/12\/taikuri.jpg\"},\"description\":\"Teen ammatikseni sirkusta. Tarkemmin lajejani ovat taikuus, pariakrobatia ja jongleeraus. Jos haluat tiet\u00e4\u00e4 jotain enemm\u00e4n el\u00e4m\u00e4st\u00e4ni, kysy vaan!\",\"sameAs\":[\"https:\/\/laurituhkanen.com\",\"https:\/\/www.facebook.com\/TaikuriLauriTuhkanen\",\"https:\/\/www.instagram.com\/laurituhkanen\/\",\"https:\/\/fi.linkedin.com\/in\/taikurilaurituhkanen\",\"https:\/\/m.youtube.com\/channel\/UCxxpcA9CKinOce-b4W1zZuQ\"]}]}<\/script>\n<!-- \/ Yoast SEO plugin. -->","yoast_head_json":{"title":"Spectacular and Amazing Illusion Show | Magician Lauri Tuhkanen","description":"An enchanting combination of acrobatics, illusion, juggling and magic. Challenging tricks combine with seemingly impossible events in a stylish show.","robots":{"index":"index","follow":"follow","max-snippet":"max-snippet:-1","max-image-preview":"max-image-preview:large","max-video-preview":"max-video-preview:-1"},"canonical":"https:\/\/laurituhkanen.com\/en\/magic-shows\/illusion-show\/","og_locale":"en_GB","og_type":"article","og_title":"Spectacular and Amazing Illusion Show | Magician Lauri Tuhkanen","og_description":"An enchanting combination of acrobatics, illusion, juggling and magic. Challenging tricks combine with seemingly impossible events in a stylish show.","og_url":"https:\/\/laurituhkanen.com\/en\/magic-shows\/illusion-show\/","og_site_name":"Magician Lauri Tuhkanen","article_publisher":"https:\/\/www.facebook.com\/TaikuriLauriTuhkanen","article_modified_time":"2020-03-25T07:59:02+00:00","og_image":[{"width":1024,"height":576,"url":"https:\/\/laurituhkanen.com\/en\/wp-content\/uploads\/sites\/2\/2015\/05\/illusion_show.jpg","type":"image\/jpeg"}],"twitter_card":"summary_large_image","twitter_misc":{"Estimated reading time":"2 minutes"},"schema":{"@context":"https:\/\/schema.org","@graph":[{"@type":"WebPage","@id":"https:\/\/laurituhkanen.com\/en\/magic-shows\/illusion-show\/","url":"https:\/\/laurituhkanen.com\/en\/magic-shows\/illusion-show\/","name":"Spectacular and Amazing Illusion Show | Magician Lauri Tuhkanen","isPartOf":{"@id":"https:\/\/laurituhkanen.com\/en\/#website"},"primaryImageOfPage":{"@id":"https:\/\/laurituhkanen.com\/en\/magic-shows\/illusion-show\/#primaryimage"},"image":{"@id":"https:\/\/laurituhkanen.com\/en\/magic-shows\/illusion-show\/#primaryimage"},"thumbnailUrl":"https:\/\/laurituhkanen.com\/en\/wp-content\/uploads\/sites\/2\/2015\/05\/illusion_show.jpg","datePublished":"2015-05-28T18:34:14+00:00","dateModified":"2020-03-25T07:59:02+00:00","description":"An enchanting combination of acrobatics, illusion, juggling and magic. Challenging tricks combine with seemingly impossible events in a stylish show.","breadcrumb":{"@id":"https:\/\/laurituhkanen.com\/en\/magic-shows\/illusion-show\/#breadcrumb"},"inLanguage":"en-GB","potentialAction":[{"@type":"ReadAction","target":["https:\/\/laurituhkanen.com\/en\/magic-shows\/illusion-show\/"]}]},{"@type":"ImageObject","inLanguage":"en-GB","@id":"https:\/\/laurituhkanen.com\/en\/magic-shows\/illusion-show\/#primaryimage","url":"https:\/\/laurituhkanen.com\/en\/wp-content\/uploads\/sites\/2\/2015\/05\/illusion_show.jpg","contentUrl":"https:\/\/laurituhkanen.com\/en\/wp-content\/uploads\/sites\/2\/2015\/05\/illusion_show.jpg","width":1024,"height":576,"caption":"Magician Lauri Tuhkanen and his assistants"},{"@type":"BreadcrumbList","@id":"https:\/\/laurituhkanen.com\/en\/magic-shows\/illusion-show\/#breadcrumb","itemListElement":[{"@type":"ListItem","position":1,"name":"Home","item":"https:\/\/laurituhkanen.com\/en\/"},{"@type":"ListItem","position":2,"name":"Festivities and Events","item":"https:\/\/laurituhkanen.com\/en\/magic-shows\/"},{"@type":"ListItem","position":3,"name":"Illusion Show"}]},{"@type":"WebSite","@id":"https:\/\/laurituhkanen.com\/en\/#website","url":"https:\/\/laurituhkanen.com\/en\/","name":"Magician Lauri Tuhkanen","description":"Award Winning Magician Lauri Tuhkanen","publisher":{"@id":"https:\/\/laurituhkanen.com\/en\/#\/schema\/person\/e7eb999249cd5bc9dbe927abd1b830b6"},"potentialAction":[{"@type":"SearchAction","target":{"@type":"EntryPoint","urlTemplate":"https:\/\/laurituhkanen.com\/en\/?s={search_term_string}"},"query-input":{"@type":"PropertyValueSpecification","valueRequired":true,"valueName":"search_term_string"}}],"inLanguage":"en-GB"},{"@type":["Person","Organization"],"@id":"https:\/\/laurituhkanen.com\/en\/#\/schema\/person\/e7eb999249cd5bc9dbe927abd1b830b6","name":"Lauri Tuhkanen","image":{"@type":"ImageObject","inLanguage":"en-GB","@id":"https:\/\/laurituhkanen.com\/en\/wp-content\/uploads\/sites\/2\/2013\/12\/taikuri.jpg","url":"https:\/\/laurituhkanen.com\/en\/wp-content\/uploads\/sites\/2\/2013\/12\/taikuri.jpg","contentUrl":"https:\/\/laurituhkanen.com\/en\/wp-content\/uploads\/sites\/2\/2013\/12\/taikuri.jpg","width":1100,"height":975,"caption":"Lauri Tuhkanen"},"logo":{"@id":"https:\/\/laurituhkanen.com\/en\/wp-content\/uploads\/sites\/2\/2013\/12\/taikuri.jpg"},"description":"Teen ammatikseni sirkusta. Tarkemmin lajejani ovat taikuus, pariakrobatia ja jongleeraus. Jos haluat tiet\u00e4\u00e4 jotain enemm\u00e4n el\u00e4m\u00e4st\u00e4ni, kysy vaan!","sameAs":["https:\/\/laurituhkanen.com","https:\/\/www.facebook.com\/TaikuriLauriTuhkanen","https:\/\/www.instagram.com\/laurituhkanen\/","https:\/\/fi.linkedin.com\/in\/taikurilaurituhkanen","https:\/\/m.youtube.com\/channel\/UCxxpcA9CKinOce-b4W1zZuQ"]}]}},"_links":{"self":[{"href":"https:\/\/laurituhkanen.com\/en\/wp-json\/wp\/v2\/pages\/188","targetHints":{"allow":["GET"]}}],"collection":[{"href":"https:\/\/laurituhkanen.com\/en\/wp-json\/wp\/v2\/pages"}],"about":[{"href":"https:\/\/laurituhkanen.com\/en\/wp-json\/wp\/v2\/types\/page"}],"author":[{"embeddable":true,"href":"https:\/\/laurituhkanen.com\/en\/wp-json\/wp\/v2\/users\/2"}],"replies":[{"embeddable":true,"href":"https:\/\/laurituhkanen.com\/en\/wp-json\/wp\/v2\/comments?post=188"}],"version-history":[{"count":3,"href":"https:\/\/laurituhkanen.com\/en\/wp-json\/wp\/v2\/pages\/188\/revisions"}],"predecessor-version":[{"id":6068,"href":"https:\/\/laurituhkanen.com\/en\/wp-json\/wp\/v2\/pages\/188\/revisions\/6068"}],"up":[{"embeddable":true,"href":"https:\/\/laurituhkanen.com\/en\/wp-json\/wp\/v2\/pages\/9"}],"wp:featuredmedia":[{"embeddable":true,"href":"https:\/\/laurituhkanen.com\/en\/wp-json\/wp\/v2\/media\/254"}],"wp:attachment":[{"href":"https:\/\/laurituhkanen.com\/en\/wp-json\/wp\/v2\/media?parent=188"}],"curies":[{"name":"wp","href":"https:\/\/api.w.org\/{rel}","templated":true}]}}